{"id":31,"date":"2013-11-09T16:59:52","date_gmt":"2013-11-09T16:59:52","guid":{"rendered":"http:\/\/paulinestive.com\/monsupersite\/?page_id=31"},"modified":"2022-01-06T23:39:56","modified_gmt":"2022-01-06T23:39:56","slug":"contact","status":"publish","type":"page","link":"http:\/\/paulinestive.com\/site\/contact\/","title":{"rendered":"CONTACT"},"content":{"rendered":"<p>[et_pb_section fb_built=\u00a0\u00bb1&Prime; _builder_version=\u00a0\u00bb4.0.6&Prime; custom_margin=\u00a0\u00bb||500px||false|false\u00a0\u00bb custom_padding=\u00a0\u00bb||0px|||\u00a0\u00bb][et_pb_row use_custom_gutter=\u00a0\u00bbon\u00a0\u00bb gutter_width=\u00a0\u00bb3&Prime; _builder_version=\u00a0\u00bb4.0.5&Prime; width=\u00a0\u00bb50%\u00a0\u00bb max_width=\u00a0\u00bb500px\u00a0\u00bb module_alignment=\u00a0\u00bbcenter\u00a0\u00bb][et_pb_column type=\u00a0\u00bb4_4&Prime; _builder_version=\u00a0\u00bb3.25&Prime; background_position=\u00a0\u00bbtop_left\u00a0\u00bb custom_padding=\u00a0\u00bb|||\u00a0\u00bb custom_padding__hover=\u00a0\u00bb|||\u00a0\u00bb][et_pb_text _builder_version=\u00a0\u00bb4.0.6&Prime; custom_margin=\u00a0\u00bb||24px||false|false\u00a0\u00bb custom_padding=\u00a0\u00bb29px||32px|||\u00a0\u00bb]<\/p>\n<p style=\"text-align: left;\">Vous avez des choses \u00e0 me dire, des commentaires, des projets \u00e0 me proposer? N&rsquo;h\u00e9sitez pas, \u00e9crivez moi \u00e0 <a href=\"mailto:pauline.stive@gmail.com\"><strong>pauline.stive@gmail.com<\/strong><\/a>!<\/p>\n<p style=\"text-align: left;\">You have something to tell me, a comment to make, a job offer? Don&rsquo;t hesitate, send me a message at <a href=\"mailto:pauline.stive@gmail.com\"><strong>pauline.stive@gmail.com<\/strong><\/a>!<\/p>\n<p>[\/et_pb_text][\/et_pb_column][\/et_pb_row][\/et_pb_section]<\/p>\n","protected":false},"excerpt":{"rendered":"<p>Vous avez des choses \u00e0 me dire, des commentaires, des projets \u00e0 me proposer? N&rsquo;h\u00e9sitez pas, \u00e9crivez moi \u00e0 pauline.stive@gmail.com! You have something to tell me, a comment to make, a job offer? Don&rsquo;t hesitate, send me a message at pauline.stive@gmail.com!<\/p>\n","protected":false},"author":1,"featured_media":0,"parent":0,"menu_order":0,"comment_status":"open","ping_status":"open","template":"","meta":{"_et_pb_use_builder":"on","_et_pb_old_content":"<p>[easy_contact_forms fid=1]<\/p><p><img src=\"http:\/\/paulinestive.com\/site\/wp-content\/uploads\/2014\/03\/contact.jpg\" alt=\"contact\" width=\"350\" height=\"210\" \/><\/p>","_et_gb_content_width":""},"yoast_head":"<!-- This site is optimized with the Yoast SEO plugin v17.8 - https:\/\/yoast.com\/wordpress\/plugins\/seo\/ -->\n<title>Pauline Stive illustration - Montr\u00e9al<\/title>\n<meta name=\"description\" content=\"Pauline Stive: Illustratrice et dessinatrice \u00e0 Montr\u00e9al, Pauline Stive met ses comp\u00e9tences et sa cr\u00e9ativit\u00e9 \u00e0 votre service. D\u00e9couvrez les illustrations de Pauline Stive\" \/>\n<meta name=\"robots\" content=\"noindex, nofollow\" \/>\n<meta property=\"og:locale\" content=\"fr_FR\" \/>\n<meta property=\"og:type\" content=\"article\" \/>\n<meta property=\"og:title\" content=\"Pauline Stive illustration - Montr\u00e9al\" \/>\n<meta property=\"og:description\" content=\"Pauline Stive: Illustratrice et dessinatrice \u00e0 Montr\u00e9al, Pauline Stive met ses comp\u00e9tences et sa cr\u00e9ativit\u00e9 \u00e0 votre service. D\u00e9couvrez les illustrations de Pauline Stive\" \/>\n<meta property=\"og:url\" content=\"http:\/\/paulinestive.com\/site\/contact\/\" \/>\n<meta property=\"og:site_name\" content=\"Pauline Stive\" \/>\n<meta property=\"article:modified_time\" content=\"2022-01-06T23:39:56+00:00\" \/>\n<meta name=\"twitter:card\" content=\"summary\" \/>\n<meta name=\"twitter:label1\" content=\"Dur\u00e9e de lecture estim\u00e9e\" \/>\n\t<meta name=\"twitter:data1\" content=\"1 minute\" \/>\n<script type=\"application\/ld+json\" class=\"yoast-schema-graph\">{\"@context\":\"https:\/\/schema.org\",\"@graph\":[{\"@type\":\"WebSite\",\"@id\":\"https:\/\/paulinestive.com\/site\/#website\",\"url\":\"https:\/\/paulinestive.com\/site\/\",\"name\":\"Pauline Stive\",\"description\":\"Illustration, graphisme\",\"potentialAction\":[{\"@type\":\"SearchAction\",\"target\":{\"@type\":\"EntryPoint\",\"urlTemplate\":\"https:\/\/paulinestive.com\/site\/?s={search_term_string}\"},\"query-input\":\"required name=search_term_string\"}],\"inLanguage\":\"fr-FR\"},{\"@type\":\"WebPage\",\"@id\":\"http:\/\/paulinestive.com\/site\/contact\/#webpage\",\"url\":\"http:\/\/paulinestive.com\/site\/contact\/\",\"name\":\"Pauline Stive illustration - Montr\\u00e9al\",\"isPartOf\":{\"@id\":\"https:\/\/paulinestive.com\/site\/#website\"},\"datePublished\":\"2013-11-09T16:59:52+00:00\",\"dateModified\":\"2022-01-06T23:39:56+00:00\",\"description\":\"Pauline Stive: Illustratrice et dessinatrice \\u00e0 Montr\\u00e9al, Pauline Stive met ses comp\\u00e9tences et sa cr\\u00e9ativit\\u00e9 \\u00e0 votre service. D\\u00e9couvrez les illustrations de Pauline Stive\",\"breadcrumb\":{\"@id\":\"http:\/\/paulinestive.com\/site\/contact\/#breadcrumb\"},\"inLanguage\":\"fr-FR\",\"potentialAction\":[{\"@type\":\"ReadAction\",\"target\":[\"http:\/\/paulinestive.com\/site\/contact\/\"]}]},{\"@type\":\"BreadcrumbList\",\"@id\":\"http:\/\/paulinestive.com\/site\/contact\/#breadcrumb\",\"itemListElement\":[{\"@type\":\"ListItem\",\"position\":1,\"name\":\"Accueil\",\"item\":\"https:\/\/paulinestive.com\/site\/\"},{\"@type\":\"ListItem\",\"position\":2,\"name\":\"CONTACT\"}]}]}<\/script>\n<!-- \/ Yoast SEO plugin. -->","yoast_head_json":{"title":"Pauline Stive illustration - Montr\u00e9al","description":"Pauline Stive: Illustratrice et dessinatrice \u00e0 Montr\u00e9al, Pauline Stive met ses comp\u00e9tences et sa cr\u00e9ativit\u00e9 \u00e0 votre service. D\u00e9couvrez les illustrations de Pauline Stive","robots":{"index":"noindex","follow":"nofollow"},"og_locale":"fr_FR","og_type":"article","og_title":"Pauline Stive illustration - Montr\u00e9al","og_description":"Pauline Stive: Illustratrice et dessinatrice \u00e0 Montr\u00e9al, Pauline Stive met ses comp\u00e9tences et sa cr\u00e9ativit\u00e9 \u00e0 votre service. D\u00e9couvrez les illustrations de Pauline Stive","og_url":"http:\/\/paulinestive.com\/site\/contact\/","og_site_name":"Pauline Stive","article_modified_time":"2022-01-06T23:39:56+00:00","twitter_card":"summary","twitter_misc":{"Dur\u00e9e de lecture estim\u00e9e":"1 minute"},"schema":{"@context":"https:\/\/schema.org","@graph":[{"@type":"WebSite","@id":"https:\/\/paulinestive.com\/site\/#website","url":"https:\/\/paulinestive.com\/site\/","name":"Pauline Stive","description":"Illustration, graphisme","potentialAction":[{"@type":"SearchAction","target":{"@type":"EntryPoint","urlTemplate":"https:\/\/paulinestive.com\/site\/?s={search_term_string}"},"query-input":"required name=search_term_string"}],"inLanguage":"fr-FR"},{"@type":"WebPage","@id":"http:\/\/paulinestive.com\/site\/contact\/#webpage","url":"http:\/\/paulinestive.com\/site\/contact\/","name":"Pauline Stive illustration - Montr\u00e9al","isPartOf":{"@id":"https:\/\/paulinestive.com\/site\/#website"},"datePublished":"2013-11-09T16:59:52+00:00","dateModified":"2022-01-06T23:39:56+00:00","description":"Pauline Stive: Illustratrice et dessinatrice \u00e0 Montr\u00e9al, Pauline Stive met ses comp\u00e9tences et sa cr\u00e9ativit\u00e9 \u00e0 votre service. D\u00e9couvrez les illustrations de Pauline Stive","breadcrumb":{"@id":"http:\/\/paulinestive.com\/site\/contact\/#breadcrumb"},"inLanguage":"fr-FR","potentialAction":[{"@type":"ReadAction","target":["http:\/\/paulinestive.com\/site\/contact\/"]}]},{"@type":"BreadcrumbList","@id":"http:\/\/paulinestive.com\/site\/contact\/#breadcrumb","itemListElement":[{"@type":"ListItem","position":1,"name":"Accueil","item":"https:\/\/paulinestive.com\/site\/"},{"@type":"ListItem","position":2,"name":"CONTACT"}]}]}},"_links":{"self":[{"href":"http:\/\/paulinestive.com\/site\/wp-json\/wp\/v2\/pages\/31"}],"collection":[{"href":"http:\/\/paulinestive.com\/site\/wp-json\/wp\/v2\/pages"}],"about":[{"href":"http:\/\/paulinestive.com\/site\/wp-json\/wp\/v2\/types\/page"}],"author":[{"embeddable":true,"href":"http:\/\/paulinestive.com\/site\/wp-json\/wp\/v2\/users\/1"}],"replies":[{"embeddable":true,"href":"http:\/\/paulinestive.com\/site\/wp-json\/wp\/v2\/comments?post=31"}],"version-history":[{"count":47,"href":"http:\/\/paulinestive.com\/site\/wp-json\/wp\/v2\/pages\/31\/revisions"}],"predecessor-version":[{"id":2350,"href":"http:\/\/paulinestive.com\/site\/wp-json\/wp\/v2\/pages\/31\/revisions\/2350"}],"wp:attachment":[{"href":"http:\/\/paulinestive.com\/site\/wp-json\/wp\/v2\/media?parent=31"}],"curies":[{"name":"wp","href":"https:\/\/api.w.org\/{rel}","templated":true}]}}