{"id":2074,"date":"2019-11-10T23:16:34","date_gmt":"2019-11-10T23:16:34","guid":{"rendered":"http:\/\/paulinestive.com\/site\/?page_id=2074"},"modified":"2024-02-28T19:58:33","modified_gmt":"2024-02-28T19:58:33","slug":"info","status":"publish","type":"page","link":"http:\/\/paulinestive.com\/site\/info\/","title":{"rendered":"\u00c0 Propos"},"content":{"rendered":"<p>[et_pb_section fb_built=\u00a0\u00bb1&Prime; _builder_version=\u00a0\u00bb3.22&Prime; custom_padding=\u00a0\u00bb||0px|||\u00a0\u00bb global_colors_info=\u00a0\u00bb{}\u00a0\u00bb][et_pb_row column_structure=\u00a0\u00bb1_3,2_3&Prime; use_custom_gutter=\u00a0\u00bbon\u00a0\u00bb gutter_width=\u00a0\u00bb3&Prime; _builder_version=\u00a0\u00bb4.0.5&Prime; module_alignment=\u00a0\u00bbcenter\u00a0\u00bb global_colors_info=\u00a0\u00bb{}\u00a0\u00bb][et_pb_column type=\u00a0\u00bb1_3&Prime; _builder_version=\u00a0\u00bb3.25&Prime; background_position=\u00a0\u00bbtop_left\u00a0\u00bb custom_padding=\u00a0\u00bb|||\u00a0\u00bb global_colors_info=\u00a0\u00bb{}\u00a0\u00bb custom_padding__hover=\u00a0\u00bb|||\u00a0\u00bb][et_pb_image src=\u00a0\u00bbhttp:\/\/paulinestive.com\/site\/wp-content\/uploads\/2019\/11\/Screenshot_9.jpg\u00a0\u00bb show_in_lightbox=\u00a0\u00bbon\u00a0\u00bb align_tablet=\u00a0\u00bbcenter\u00a0\u00bb align_phone=\u00a0\u00bb\u00a0\u00bb align_last_edited=\u00a0\u00bbon|desktop\u00a0\u00bb _builder_version=\u00a0\u00bb4.0.5&Prime; global_colors_info=\u00a0\u00bb{}\u00a0\u00bb][\/et_pb_image][et_pb_text _builder_version=\u00a0\u00bb3.27.4&Prime; border_style=\u00a0\u00bbsolid\u00a0\u00bb global_colors_info=\u00a0\u00bb{}\u00a0\u00bb]Photo : Marianne Charland<br \/>\n<a href=\"https:\/\/www.mariannecharland.com\/\" target=\"_blank\" rel=\"noopener noreferrer\">mariannecharland.com<\/a><br \/>\n[\/et_pb_text][et_pb_text _builder_version=\u00a0\u00bb3.27.4&Prime; border_style=\u00a0\u00bbsolid\u00a0\u00bb global_colors_info=\u00a0\u00bb{}\u00a0\u00bb]Photo : Marianne Charland<br \/>\n<a href=\"https:\/\/www.mariannecharland.com\/\" target=\"_blank\" rel=\"noopener noreferrer\">mariannecharland.com<\/a><br \/>\n[\/et_pb_text][et_pb_image src=\u00a0\u00bbhttp:\/\/paulinestive.com\/site\/wp-content\/uploads\/2021\/02\/MEMBRE-IQ-2.jpg\u00a0\u00bb url=\u00a0\u00bbhttps:\/\/illustrationquebec.com\/fr\/portfolios\/oeuvres\/artiste\/paulinestive\/1744\/\u00a0\u00bb url_new_window=\u00a0\u00bbon\u00a0\u00bb align_tablet=\u00a0\u00bbcenter\u00a0\u00bb align_phone=\u00a0\u00bb\u00a0\u00bb align_last_edited=\u00a0\u00bbon|desktop\u00a0\u00bb _builder_version=\u00a0\u00bb4.0.6&Prime; global_colors_info=\u00a0\u00bb{}\u00a0\u00bb][\/et_pb_image][\/et_pb_column][et_pb_column type=\u00a0\u00bb2_3&Prime; _builder_version=\u00a0\u00bb4.0.5&Prime; background_position=\u00a0\u00bbtop_left\u00a0\u00bb custom_padding=\u00a0\u00bb|100px||50px|false|false\u00a0\u00bb global_colors_info=\u00a0\u00bb{}\u00a0\u00bb custom_padding__hover=\u00a0\u00bb|||\u00a0\u00bb][et_pb_text _builder_version=\u00a0\u00bb4.14.5&Prime; custom_padding=\u00a0\u00bb||0px|||\u00a0\u00bb hover_enabled=\u00a0\u00bb0&Prime; global_colors_info=\u00a0\u00bb{}\u00a0\u00bb sticky_enabled=\u00a0\u00bb0&Prime;]<\/p>\n<p>On m&rsquo;a demand\u00e9 r\u00e9cemment: \u00ab\u00a0Qu&rsquo;est-ce que tu pr\u00e9f\u00e8res dans ton m\u00e9tier d&rsquo;illustratrice?\u00a0\u00bb, et ma r\u00e9ponse a \u00e9t\u00e9, sans une h\u00e9sitation: \u00ab\u00a0Cr\u00e9er en collaboration avec d&rsquo;autres imaginaires, rebondir sur les challenges que chaque contrat apporte, profiter de l&rsquo;inspiration amen\u00e9e par chaque nouveau mandat pour aller dans de nouvelles directions\u00a0\u00bb.<br \/>En \u00e9ditorial comme en illustration jeunesse, le portrait revient toujours s&rsquo;imposer. Des ann\u00e9es de voyages, et de nombreux carnets de croquis remplis continuent d&rsquo;alimenter mes cr\u00e9ations.\u00a0<\/p>\n<p>Install\u00e9e \u00e0 Montr\u00e9al depuis 10 ans, je travaille dans un bel atelier avec d&rsquo;autres artistes.<\/p>\n<p>N&rsquo;h\u00e9sitez pas \u00e0 me contacter si vous avez des questions, commentaires ou propositions.<\/p>\n<p>&nbsp;<\/p>\n<p>[\/et_pb_text][et_pb_text _builder_version=\u00a0\u00bb4.14.5&Prime; custom_padding=\u00a0\u00bb||0px|||\u00a0\u00bb hover_enabled=\u00a0\u00bb0&Prime; global_colors_info=\u00a0\u00bb{}\u00a0\u00bb sticky_enabled=\u00a0\u00bb0&Prime;]<\/p>\n<p><em>I was recently asked: \u00ab\u00a0what do you like the most about working as an illustrator?\u00a0\u00bb, and my answer, without an hesitation was: \u00ab\u00a0to create in collaboration with other imagination, pick up on each challenge that every commission brings, take advantage of the inspiration that all the new jobs bring to go explore different directions\u00a0\u00bb<br \/>In editorial or children&rsquo;s book, portrait is at the center of my practice. The years I have been traveling, and filling sketchbooks are still feeding my creations.<br \/><\/em><\/p>\n<p><em>I have been working and living in Montreal for 10 years now.<\/em><\/p>\n<p><em>Please don&rsquo;t hesitate to send comments, questions, or job offers!<\/em><\/p>\n<p>&nbsp;<\/p>\n<p>&nbsp;<\/p>\n<p>[\/et_pb_text][\/et_pb_column][\/et_pb_row][et_pb_row column_structure=\u00a0\u00bb1_2,1_4,1_4&Prime; use_custom_gutter=\u00a0\u00bbon\u00a0\u00bb gutter_width=\u00a0\u00bb3&Prime; _builder_version=\u00a0\u00bb4.0.5&Prime; module_alignment=\u00a0\u00bbcenter\u00a0\u00bb global_colors_info=\u00a0\u00bb{}\u00a0\u00bb][et_pb_column type=\u00a0\u00bb1_2&Prime; _builder_version=\u00a0\u00bb3.25&Prime; background_position=\u00a0\u00bbtop_left\u00a0\u00bb custom_padding=\u00a0\u00bb|||\u00a0\u00bb global_colors_info=\u00a0\u00bb{}\u00a0\u00bb custom_padding__hover=\u00a0\u00bb|||\u00a0\u00bb][et_pb_image src=\u00a0\u00bbhttp:\/\/paulinestive.com\/site\/wp-content\/uploads\/2019\/09\/BARON_INSTA.jpg\u00a0\u00bb url=\u00a0\u00bbhttps:\/\/baronmag.com\/2019\/09\/dans-latelier-de-pauline-stive-le-facteur-humain-dans-lart-graphique\/?fbclid=IwAR0zqVjyHOskwmikO19HVY-PSzKH0wUF_KXJQ5iZgYaA70u4XeL5DULAf4U\u00a0\u00bb align_tablet=\u00a0\u00bbcenter\u00a0\u00bb align_phone=\u00a0\u00bb\u00a0\u00bb align_last_edited=\u00a0\u00bbon|desktop\u00a0\u00bb _builder_version=\u00a0\u00bb3.23&Prime; global_colors_info=\u00a0\u00bb{}\u00a0\u00bb][\/et_pb_image][et_pb_text _builder_version=\u00a0\u00bb3.27.4&Prime; border_style=\u00a0\u00bbsolid\u00a0\u00bb global_colors_info=\u00a0\u00bb{}\u00a0\u00bb]Pour en savoir plus sur mon travail, lisez <a href=\"https:\/\/baronmag.com\/2019\/09\/dans-latelier-de-pauline-stive-le-facteur-humain-dans-lart-graphique\/?fbclid=IwAR0zqVjyHOskwmikO19HVY-PSzKH0wUF_KXJQ5iZgYaA70u4XeL5DULAf4U\" target=\"_blank\" rel=\"noopener noreferrer\">cet article du Baron Magazine<\/a><\/p>\n<p>To read more, follow this link to <a href=\"https:\/\/baronmag.com\/2019\/09\/dans-latelier-de-pauline-stive-le-facteur-humain-dans-lart-graphique\/?fbclid=IwAR0zqVjyHOskwmikO19HVY-PSzKH0wUF_KXJQ5iZgYaA70u4XeL5DULAf4U\" target=\"_blank\" rel=\"noopener noreferrer\">Baron Magazine&rsquo;s article<\/a><br \/>\n[\/et_pb_text][\/et_pb_column][et_pb_column type=\u00a0\u00bb1_4&Prime; _builder_version=\u00a0\u00bb4.0.5&Prime; background_position=\u00a0\u00bbtop_left\u00a0\u00bb custom_padding=\u00a0\u00bb|100px||50px|false|false\u00a0\u00bb global_colors_info=\u00a0\u00bb{}\u00a0\u00bb custom_padding__hover=\u00a0\u00bb|||\u00a0\u00bb][et_pb_image src=\u00a0\u00bbhttp:\/\/paulinestive.com\/site\/wp-content\/uploads\/2020\/04\/CLIENTS.jpg\u00a0\u00bb url_new_window=\u00a0\u00bbon\u00a0\u00bb align_tablet=\u00a0\u00bbcenter\u00a0\u00bb align_phone=\u00a0\u00bb\u00a0\u00bb align_last_edited=\u00a0\u00bbon|desktop\u00a0\u00bb _builder_version=\u00a0\u00bb4.0.6&Prime; global_colors_info=\u00a0\u00bb{}\u00a0\u00bb][\/et_pb_image][et_pb_image src=\u00a0\u00bbhttp:\/\/paulinestive.com\/site\/wp-content\/uploads\/2020\/01\/actualite.jpg\u00a0\u00bb url=\u00a0\u00bbhttps:\/\/lactualite.com\/\u00a0\u00bb url_new_window=\u00a0\u00bbon\u00a0\u00bb align_tablet=\u00a0\u00bbcenter\u00a0\u00bb align_phone=\u00a0\u00bb\u00a0\u00bb align_last_edited=\u00a0\u00bbon|desktop\u00a0\u00bb _builder_version=\u00a0\u00bb4.0.6&Prime; global_colors_info=\u00a0\u00bb{}\u00a0\u00bb][\/et_pb_image][et_pb_image src=\u00a0\u00bbhttp:\/\/paulinestive.com\/site\/wp-content\/uploads\/2020\/03\/BaronMag.jpg\u00a0\u00bb url=\u00a0\u00bbhttps:\/\/baronmag.com\/\u00a0\u00bb url_new_window=\u00a0\u00bbon\u00a0\u00bb align_tablet=\u00a0\u00bbcenter\u00a0\u00bb align_phone=\u00a0\u00bb\u00a0\u00bb align_last_edited=\u00a0\u00bbon|desktop\u00a0\u00bb _builder_version=\u00a0\u00bb4.0.6&Prime; global_colors_info=\u00a0\u00bb{}\u00a0\u00bb][\/et_pb_image][et_pb_image src=\u00a0\u00bbhttp:\/\/paulinestive.com\/site\/wp-content\/uploads\/2020\/01\/liberte.jpg\u00a0\u00bb url=\u00a0\u00bbhttps:\/\/revueliberte.ca\/\u00a0\u00bb url_new_window=\u00a0\u00bbon\u00a0\u00bb align_tablet=\u00a0\u00bbcenter\u00a0\u00bb align_phone=\u00a0\u00bb\u00a0\u00bb align_last_edited=\u00a0\u00bbon|desktop\u00a0\u00bb _builder_version=\u00a0\u00bb4.0.6&Prime; global_colors_info=\u00a0\u00bb{}\u00a0\u00bb][\/et_pb_image][et_pb_image src=\u00a0\u00bbhttp:\/\/paulinestive.com\/site\/wp-content\/uploads\/2020\/01\/GALERE.jpg\u00a0\u00bb align_tablet=\u00a0\u00bbcenter\u00a0\u00bb align_phone=\u00a0\u00bb\u00a0\u00bb align_last_edited=\u00a0\u00bbon|desktop\u00a0\u00bb _builder_version=\u00a0\u00bb4.0.6&Prime; global_colors_info=\u00a0\u00bb{}\u00a0\u00bb][\/et_pb_image][et_pb_image src=\u00a0\u00bbhttp:\/\/paulinestive.com\/site\/wp-content\/uploads\/2020\/03\/Logo-brasserie-dunham1.jpg\u00a0\u00bb url=\u00a0\u00bbhttps:\/\/brasseriedunham.com\/\u00a0\u00bb url_new_window=\u00a0\u00bbon\u00a0\u00bb align_tablet=\u00a0\u00bbcenter\u00a0\u00bb align_phone=\u00a0\u00bb\u00a0\u00bb align_last_edited=\u00a0\u00bbon|desktop\u00a0\u00bb _builder_version=\u00a0\u00bb4.0.6&Prime; global_colors_info=\u00a0\u00bb{}\u00a0\u00bb][\/et_pb_image][\/et_pb_column][et_pb_column type=\u00a0\u00bb1_4&Prime; _builder_version=\u00a0\u00bb4.0.5&Prime; background_position=\u00a0\u00bbtop_left\u00a0\u00bb custom_padding=\u00a0\u00bb|100px||50px|false|false\u00a0\u00bb global_colors_info=\u00a0\u00bb{}\u00a0\u00bb custom_padding__hover=\u00a0\u00bb|||\u00a0\u00bb][et_pb_image src=\u00a0\u00bbhttp:\/\/paulinestive.com\/site\/wp-content\/uploads\/2020\/09\/radio-can.png\u00a0\u00bb url=\u00a0\u00bbhttps:\/\/ici.radio-canada.ca\/tele\/bonsoir-bonsoir\/site\u00a0\u00bb url_new_window=\u00a0\u00bbon\u00a0\u00bb align_tablet=\u00a0\u00bbcenter\u00a0\u00bb align_phone=\u00a0\u00bb\u00a0\u00bb align_last_edited=\u00a0\u00bbon|desktop\u00a0\u00bb _builder_version=\u00a0\u00bb4.0.6&Prime; global_colors_info=\u00a0\u00bb{}\u00a0\u00bb][\/et_pb_image][et_pb_image src=\u00a0\u00bbhttp:\/\/paulinestive.com\/site\/wp-content\/uploads\/2020\/01\/huma.jpg\u00a0\u00bb url=\u00a0\u00bbhttps:\/\/www.humanite.fr\/\u00a0\u00bb url_new_window=\u00a0\u00bbon\u00a0\u00bb align_tablet=\u00a0\u00bbcenter\u00a0\u00bb align_phone=\u00a0\u00bb\u00a0\u00bb align_last_edited=\u00a0\u00bbon|desktop\u00a0\u00bb _builder_version=\u00a0\u00bb4.0.6&Prime; global_colors_info=\u00a0\u00bb{}\u00a0\u00bb][\/et_pb_image][et_pb_image src=\u00a0\u00bbhttp:\/\/paulinestive.com\/site\/wp-content\/uploads\/2020\/03\/logo-boreale.jpg\u00a0\u00bb url=\u00a0\u00bbhttps:\/\/www.boreale.com\/\u00a0\u00bb url_new_window=\u00a0\u00bbon\u00a0\u00bb align_tablet=\u00a0\u00bbcenter\u00a0\u00bb align_phone=\u00a0\u00bb\u00a0\u00bb align_last_edited=\u00a0\u00bbon|desktop\u00a0\u00bb _builder_version=\u00a0\u00bb4.0.6&Prime; global_colors_info=\u00a0\u00bb{}\u00a0\u00bb][\/et_pb_image][et_pb_image src=\u00a0\u00bbhttp:\/\/paulinestive.com\/site\/wp-content\/uploads\/2020\/01\/point-de-rue.jpg\u00a0\u00bb url=\u00a0\u00bbhttps:\/\/pointderue.com\/\u00a0\u00bb url_new_window=\u00a0\u00bbon\u00a0\u00bb align_tablet=\u00a0\u00bbcenter\u00a0\u00bb align_phone=\u00a0\u00bb\u00a0\u00bb align_last_edited=\u00a0\u00bbon|desktop\u00a0\u00bb _builder_version=\u00a0\u00bb4.0.6&Prime; global_colors_info=\u00a0\u00bb{}\u00a0\u00bb][\/et_pb_image][et_pb_image src=\u00a0\u00bbhttp:\/\/paulinestive.com\/site\/wp-content\/uploads\/2020\/01\/prefixe.jpg\u00a0\u00bb url=\u00a0\u00bbhttp:\/\/prefixe.ca\/\u00a0\u00bb url_new_window=\u00a0\u00bbon\u00a0\u00bb align_tablet=\u00a0\u00bbcenter\u00a0\u00bb align_phone=\u00a0\u00bb\u00a0\u00bb align_last_edited=\u00a0\u00bbon|desktop\u00a0\u00bb _builder_version=\u00a0\u00bb4.0.6&Prime; global_colors_info=\u00a0\u00bb{}\u00a0\u00bb][\/et_pb_image][et_pb_image src=\u00a0\u00bbhttp:\/\/paulinestive.com\/site\/wp-content\/uploads\/2020\/09\/isatis.jpg\u00a0\u00bb url=\u00a0\u00bbhttp:\/\/www.editionsdelisatis.com\/\u00a0\u00bb url_new_window=\u00a0\u00bbon\u00a0\u00bb align_tablet=\u00a0\u00bbcenter\u00a0\u00bb align_phone=\u00a0\u00bb\u00a0\u00bb align_last_edited=\u00a0\u00bbon|desktop\u00a0\u00bb _builder_version=\u00a0\u00bb4.0.6&Prime; global_colors_info=\u00a0\u00bb{}\u00a0\u00bb][\/et_pb_image][et_pb_image src=\u00a0\u00bbhttp:\/\/paulinestive.com\/site\/wp-content\/uploads\/2021\/01\/milton.jpg\u00a0\u00bb url=\u00a0\u00bbhttps:\/\/cidreriemilton.com\/collections\/cidre\/products\/honeycrisp-sour\u00a0\u00bb url_new_window=\u00a0\u00bbon\u00a0\u00bb align_tablet=\u00a0\u00bbcenter\u00a0\u00bb align_phone=\u00a0\u00bb\u00a0\u00bb align_last_edited=\u00a0\u00bbon|desktop\u00a0\u00bb _builder_version=\u00a0\u00bb4.0.6&Prime; global_colors_info=\u00a0\u00bb{}\u00a0\u00bb][\/et_pb_image][\/et_pb_column][\/et_pb_row][\/et_pb_section][et_pb_section fb_built=\u00a0\u00bb1&Prime; module_id=\u00a0\u00bbcontact\u00a0\u00bb _builder_version=\u00a0\u00bb4.0.5&Prime; global_colors_info=\u00a0\u00bb{}\u00a0\u00bb][\/et_pb_section]<\/p>\n","protected":false},"excerpt":{"rendered":"<p>Photo : Marianne Charland mariannecharland.com Photo : Marianne Charland mariannecharland.com On m&rsquo;a demand\u00e9 r\u00e9cemment: \u00ab\u00a0Qu&rsquo;est-ce que tu pr\u00e9f\u00e8res dans ton m\u00e9tier d&rsquo;illustratrice?\u00a0\u00bb, et ma r\u00e9ponse a \u00e9t\u00e9, sans une h\u00e9sitation: \u00ab\u00a0Cr\u00e9er en collaboration avec d&rsquo;autres imaginaires, rebondir sur les challenges que chaque contrat apporte, profiter de l&rsquo;inspiration amen\u00e9e par chaque nouveau mandat pour aller dans [&hellip;]<\/p>\n","protected":false},"author":3,"featured_media":0,"parent":0,"menu_order":0,"comment_status":"closed","ping_status":"closed","template":"","meta":{"_et_pb_use_builder":"on","_et_pb_old_content":"","_et_gb_content_width":""},"yoast_head":"<!-- This site is optimized with the Yoast SEO plugin v17.8 - https:\/\/yoast.com\/wordpress\/plugins\/seo\/ -->\n<title>Pauline Stive illustration - Montr\u00e9al<\/title>\n<meta name=\"description\" content=\"Pauline Stive: Illustratrice et dessinatrice \u00e0 Montr\u00e9al, Pauline Stive met ses comp\u00e9tences et sa cr\u00e9ativit\u00e9 \u00e0 votre service. D\u00e9couvrez les illustrations de Pauline Stive\" \/>\n<meta name=\"robots\" content=\"index, follow, max-snippet:-1, max-image-preview:large, max-video-preview:-1\" \/>\n<link rel=\"canonical\" href=\"http:\/\/paulinestive.com\/site\/info\/\" \/>\n<meta property=\"og:locale\" content=\"fr_FR\" \/>\n<meta property=\"og:type\" content=\"article\" \/>\n<meta property=\"og:title\" content=\"Pauline Stive illustration - Montr\u00e9al\" \/>\n<meta property=\"og:description\" content=\"Pauline Stive: Illustratrice et dessinatrice \u00e0 Montr\u00e9al, Pauline Stive met ses comp\u00e9tences et sa cr\u00e9ativit\u00e9 \u00e0 votre service. D\u00e9couvrez les illustrations de Pauline Stive\" \/>\n<meta property=\"og:url\" content=\"http:\/\/paulinestive.com\/site\/info\/\" \/>\n<meta property=\"og:site_name\" content=\"Pauline Stive\" \/>\n<meta property=\"article:modified_time\" content=\"2024-02-28T19:58:33+00:00\" \/>\n<meta name=\"twitter:card\" content=\"summary\" \/>\n<meta name=\"twitter:label1\" content=\"Dur\u00e9e de lecture estim\u00e9e\" \/>\n\t<meta name=\"twitter:data1\" content=\"6 minutes\" \/>\n<script type=\"application\/ld+json\" class=\"yoast-schema-graph\">{\"@context\":\"https:\/\/schema.org\",\"@graph\":[{\"@type\":\"WebSite\",\"@id\":\"http:\/\/paulinestive.com\/site\/#website\",\"url\":\"http:\/\/paulinestive.com\/site\/\",\"name\":\"Pauline Stive\",\"description\":\"Illustration, graphisme\",\"potentialAction\":[{\"@type\":\"SearchAction\",\"target\":{\"@type\":\"EntryPoint\",\"urlTemplate\":\"http:\/\/paulinestive.com\/site\/?s={search_term_string}\"},\"query-input\":\"required name=search_term_string\"}],\"inLanguage\":\"fr-FR\"},{\"@type\":\"WebPage\",\"@id\":\"http:\/\/paulinestive.com\/site\/info\/#webpage\",\"url\":\"http:\/\/paulinestive.com\/site\/info\/\",\"name\":\"Pauline Stive illustration - Montr\\u00e9al\",\"isPartOf\":{\"@id\":\"http:\/\/paulinestive.com\/site\/#website\"},\"datePublished\":\"2019-11-10T23:16:34+00:00\",\"dateModified\":\"2024-02-28T19:58:33+00:00\",\"description\":\"Pauline Stive: Illustratrice et dessinatrice \\u00e0 Montr\\u00e9al, Pauline Stive met ses comp\\u00e9tences et sa cr\\u00e9ativit\\u00e9 \\u00e0 votre service. D\\u00e9couvrez les illustrations de Pauline Stive\",\"breadcrumb\":{\"@id\":\"http:\/\/paulinestive.com\/site\/info\/#breadcrumb\"},\"inLanguage\":\"fr-FR\",\"potentialAction\":[{\"@type\":\"ReadAction\",\"target\":[\"http:\/\/paulinestive.com\/site\/info\/\"]}]},{\"@type\":\"BreadcrumbList\",\"@id\":\"http:\/\/paulinestive.com\/site\/info\/#breadcrumb\",\"itemListElement\":[{\"@type\":\"ListItem\",\"position\":1,\"name\":\"Accueil\",\"item\":\"http:\/\/paulinestive.com\/site\/\"},{\"@type\":\"ListItem\",\"position\":2,\"name\":\"\\u00c0 Propos\"}]}]}<\/script>\n<!-- \/ Yoast SEO plugin. -->","yoast_head_json":{"title":"Pauline Stive illustration - Montr\u00e9al","description":"Pauline Stive: Illustratrice et dessinatrice \u00e0 Montr\u00e9al, Pauline Stive met ses comp\u00e9tences et sa cr\u00e9ativit\u00e9 \u00e0 votre service. D\u00e9couvrez les illustrations de Pauline Stive","robots":{"index":"index","follow":"follow","max-snippet":"max-snippet:-1","max-image-preview":"max-image-preview:large","max-video-preview":"max-video-preview:-1"},"canonical":"http:\/\/paulinestive.com\/site\/info\/","og_locale":"fr_FR","og_type":"article","og_title":"Pauline Stive illustration - Montr\u00e9al","og_description":"Pauline Stive: Illustratrice et dessinatrice \u00e0 Montr\u00e9al, Pauline Stive met ses comp\u00e9tences et sa cr\u00e9ativit\u00e9 \u00e0 votre service. D\u00e9couvrez les illustrations de Pauline Stive","og_url":"http:\/\/paulinestive.com\/site\/info\/","og_site_name":"Pauline Stive","article_modified_time":"2024-02-28T19:58:33+00:00","twitter_card":"summary","twitter_misc":{"Dur\u00e9e de lecture estim\u00e9e":"6 minutes"},"schema":{"@context":"https:\/\/schema.org","@graph":[{"@type":"WebSite","@id":"http:\/\/paulinestive.com\/site\/#website","url":"http:\/\/paulinestive.com\/site\/","name":"Pauline Stive","description":"Illustration, graphisme","potentialAction":[{"@type":"SearchAction","target":{"@type":"EntryPoint","urlTemplate":"http:\/\/paulinestive.com\/site\/?s={search_term_string}"},"query-input":"required name=search_term_string"}],"inLanguage":"fr-FR"},{"@type":"WebPage","@id":"http:\/\/paulinestive.com\/site\/info\/#webpage","url":"http:\/\/paulinestive.com\/site\/info\/","name":"Pauline Stive illustration - Montr\u00e9al","isPartOf":{"@id":"http:\/\/paulinestive.com\/site\/#website"},"datePublished":"2019-11-10T23:16:34+00:00","dateModified":"2024-02-28T19:58:33+00:00","description":"Pauline Stive: Illustratrice et dessinatrice \u00e0 Montr\u00e9al, Pauline Stive met ses comp\u00e9tences et sa cr\u00e9ativit\u00e9 \u00e0 votre service. D\u00e9couvrez les illustrations de Pauline Stive","breadcrumb":{"@id":"http:\/\/paulinestive.com\/site\/info\/#breadcrumb"},"inLanguage":"fr-FR","potentialAction":[{"@type":"ReadAction","target":["http:\/\/paulinestive.com\/site\/info\/"]}]},{"@type":"BreadcrumbList","@id":"http:\/\/paulinestive.com\/site\/info\/#breadcrumb","itemListElement":[{"@type":"ListItem","position":1,"name":"Accueil","item":"http:\/\/paulinestive.com\/site\/"},{"@type":"ListItem","position":2,"name":"\u00c0 Propos"}]}]}},"_links":{"self":[{"href":"http:\/\/paulinestive.com\/site\/wp-json\/wp\/v2\/pages\/2074"}],"collection":[{"href":"http:\/\/paulinestive.com\/site\/wp-json\/wp\/v2\/pages"}],"about":[{"href":"http:\/\/paulinestive.com\/site\/wp-json\/wp\/v2\/types\/page"}],"author":[{"embeddable":true,"href":"http:\/\/paulinestive.com\/site\/wp-json\/wp\/v2\/users\/3"}],"replies":[{"embeddable":true,"href":"http:\/\/paulinestive.com\/site\/wp-json\/wp\/v2\/comments?post=2074"}],"version-history":[{"count":34,"href":"http:\/\/paulinestive.com\/site\/wp-json\/wp\/v2\/pages\/2074\/revisions"}],"predecessor-version":[{"id":2410,"href":"http:\/\/paulinestive.com\/site\/wp-json\/wp\/v2\/pages\/2074\/revisions\/2410"}],"wp:attachment":[{"href":"http:\/\/paulinestive.com\/site\/wp-json\/wp\/v2\/media?parent=2074"}],"curies":[{"name":"wp","href":"https:\/\/api.w.org\/{rel}","templated":true}]}}